{"id":2,"date":"2021-12-03T10:04:53","date_gmt":"2021-12-03T09:04:53","guid":{"rendered":"https:\/\/utk-nrw.de\/?page_id=2"},"modified":"2022-04-10T13:29:47","modified_gmt":"2022-04-10T11:29:47","slug":"beispiel-seite","status":"publish","type":"page","link":"https:\/\/utk-nrw.de\/","title":{"rendered":"Home"},"content":{"rendered":"\n<p><\/p>\n\n\n\n<ul class=\"has-vivid-red-color has-text-color has-medium-font-size wp-block-list\"><li>Wir suchen Verst\u00e4rkung<\/li><\/ul>\n\n\n\n<ul class=\"wp-block-list\" style=\"font-size:16px\"><li>Sie sind Schlosser \/ Elektriker oder Heizungs-, Klima-, L\u00fcftungsmonteur (m\/w\/d), der nicht nur eine Nummer sein m\u00f6chte?<\/li><\/ul>\n\n\n\n<ul class=\"wp-block-list\" style=\"font-size:16px\"><li>Sie kommen aus dem Raum 42553 Velbert, haben handwerkliches Geschick und keine Angst vor Schmutz?<\/li><li>Sie besitzen einen F\u00fchrerschein f\u00fcr einen Transporter mit 3,5 Tonnen und Anh\u00e4nger von 2,5 Tonnen?<\/li><li>Sie scheuen keinen Kundenkontakt? Sie sind flexibel, belastbar und k\u00f6nnen mit dem Wort Service noch etwas anfangen?<\/li><\/ul>\n\n\n\n<ul class=\"has-vivid-red-color has-text-color wp-block-list\" style=\"font-size:16px\"><li>Dann melden Sie sich einfach per Mail ( info@utk-nrw.de ), und senden uns Ihren Lebenslauf und Ihre Gehaltsvorstellung.<\/li><li>In der Zeit von 7.00 &#8211; 16.00 Uhr k\u00f6nnen Sie mich auch telefonisch erreichen. Tel. +491737006599 <\/li><\/ul>\n\n\n\n<p><\/p>\n\n\n\n<figure class=\"wp-block-gallery has-nested-images columns-default is-cropped wp-block-gallery-1 is-layout-flex wp-block-gallery-is-layout-flex\">\n<figure class=\"wp-block-image size-large\"><img loading=\"lazy\" decoding=\"async\" width=\"1024\" height=\"768\" data-id=\"228\" src=\"https:\/\/utk-nrw.de\/wp-content\/uploads\/2022\/04\/UTK-Schirocco-GT2-Bauj.-1990-Typ-53b-JH-1024x768.jpg\" alt=\"\" class=\"wp-image-228\" srcset=\"https:\/\/utk-nrw.de\/wp-content\/uploads\/2022\/04\/UTK-Schirocco-GT2-Bauj.-1990-Typ-53b-JH-1024x768.jpg 1024w, https:\/\/utk-nrw.de\/wp-content\/uploads\/2022\/04\/UTK-Schirocco-GT2-Bauj.-1990-Typ-53b-JH-300x225.jpg 300w, https:\/\/utk-nrw.de\/wp-content\/uploads\/2022\/04\/UTK-Schirocco-GT2-Bauj.-1990-Typ-53b-JH-768x576.jpg 768w, https:\/\/utk-nrw.de\/wp-content\/uploads\/2022\/04\/UTK-Schirocco-GT2-Bauj.-1990-Typ-53b-JH-1536x1152.jpg 1536w, https:\/\/utk-nrw.de\/wp-content\/uploads\/2022\/04\/UTK-Schirocco-GT2-Bauj.-1990-Typ-53b-JH-2048x1536.jpg 2048w\" sizes=\"auto, (max-width: 1024px) 100vw, 1024px\" \/><\/figure>\n<\/figure>\n","protected":false},"excerpt":{"rendered":"<p>Wir suchen Verst\u00e4rkung Sie sind Schlosser \/ Elektriker oder Heizungs-, Klima-, L\u00fcftungsmonteur (m\/w\/d), der nicht nur eine Nummer sein m\u00f6chte?<\/p>\n","protected":false},"author":1,"featured_media":0,"parent":0,"menu_order":1,"comment_status":"closed","ping_status":"open","template":"","meta":{"colormag_page_container_layout":"default_layout","colormag_page_sidebar_layout":"default_layout","footnotes":""},"class_list":["post-2","page","type-page","status-publish","hentry"],"_links":{"self":[{"href":"https:\/\/utk-nrw.de\/index.php?rest_route=\/wp\/v2\/pages\/2","targetHints":{"allow":["GET"]}}],"collection":[{"href":"https:\/\/utk-nrw.de\/index.php?rest_route=\/wp\/v2\/pages"}],"about":[{"href":"https:\/\/utk-nrw.de\/index.php?rest_route=\/wp\/v2\/types\/page"}],"author":[{"embeddable":true,"href":"https:\/\/utk-nrw.de\/index.php?rest_route=\/wp\/v2\/users\/1"}],"replies":[{"embeddable":true,"href":"https:\/\/utk-nrw.de\/index.php?rest_route=%2Fwp%2Fv2%2Fcomments&post=2"}],"version-history":[{"count":18,"href":"https:\/\/utk-nrw.de\/index.php?rest_route=\/wp\/v2\/pages\/2\/revisions"}],"predecessor-version":[{"id":229,"href":"https:\/\/utk-nrw.de\/index.php?rest_route=\/wp\/v2\/pages\/2\/revisions\/229"}],"wp:attachment":[{"href":"https:\/\/utk-nrw.de\/index.php?rest_route=%2Fwp%2Fv2%2Fmedia&parent=2"}],"curies":[{"name":"wp","href":"https:\/\/api.w.org\/{rel}","templated":true}]}}