{"id":24,"date":"2021-12-03T10:48:31","date_gmt":"2021-12-03T09:48:31","guid":{"rendered":"https:\/\/utk-nrw.de\/?page_id=24"},"modified":"2022-02-07T08:28:09","modified_gmt":"2022-02-07T07:28:09","slug":"trockeneisstrahlen","status":"publish","type":"page","link":"https:\/\/utk-nrw.de\/?page_id=24","title":{"rendered":"Trockeneisstrahlen"},"content":{"rendered":"\n<h1 class=\"wp-block-heading\" id=\"was-ist-trockeneisstrahlen\">Was ist Trockeneisstrahlen?<\/h1>\n\n\n\n<h4 class=\"wp-block-heading\" id=\"das-trockeneisstrahlen-ist-ein-verfahren-zum-reinigen-und-vorbehandeln-von-oberflachen\">Das Trockeneisstrahlen ist ein Verfahren zum Reinigen und Vorbehandeln von Oberfl\u00e4chen.<\/h4>\n\n\n\n<h5 class=\"wp-block-heading\" id=\"was-passiert-beim-trockeneisstrahlen\">Was passiert beim Trockeneisstrahlen?<\/h5>\n\n\n\n<h5 class=\"has-vivid-red-color has-text-color has-medium-font-size wp-block-heading\" id=\"was-passiert-beim-trockeneisstrahlen\"><strong>1.) Der Thermoschock.<\/strong><\/h5>\n\n\n\n<h5 class=\"wp-block-heading\" id=\"was-passiert-beim-trockeneisstrahlen\" style=\"font-size:16px\">Das Strahlgut wird mit einer Temperatur von -78,0 C\u00b0 auf die zu reinigende Oberfl\u00e4che gestrahlt. Die Verunreinigungen verspr\u00f6den und platzen durch den pl\u00f6tzlichen Temperaturunterschied  und die unterschiedliche Ausdehnung ab.<\/h5>\n\n\n\n<p class=\"has-vivid-red-color has-text-color has-medium-font-size\"><strong>2.) Die Volumenvergr\u00f6\u00dferung (Sublimation).<\/strong><\/p>\n\n\n\n<p style=\"font-size:16px\">Das Trockeneis dringt in die Verspr\u00f6dungen ein, dehnt sich bei dem direkten \u00dcbergang von fest zu gasf\u00f6rmig um das 750 fache aus, und die Verunreinigungen werden regelrecht abgesprengt.<\/p>\n\n\n\n<p class=\"has-vivid-red-color has-text-color has-medium-font-size\"><strong>3.) Die Kinetische Energie.<\/strong><\/p>\n\n\n\n<p style=\"font-size:16px\">Mit einem Arbeitsdruck von 3,0 bis 10,0 Bar und einer Geschwindigkeit von bis zu 350 m\/s treffen die Trockeneispellets auf die Verunreinigungen, werden dadurch zus\u00e4tzlich gel\u00f6st und fortgetragen.<\/p>\n\n\n\n<p><\/p>\n\n\n\n<p class=\"has-vivid-red-color has-text-color\"><strong>Vorteile des Trockeneisstrahlens:<\/strong><\/p>\n\n\n\n<ol class=\"wp-block-list\" style=\"font-size:16px\"><li>Trockeneisstrahlen ist zum Vergleich zu anderen Strahlverfahren, wie z. B. Sand- oder Glasperlstrahlen, nicht abrasiv. Die Oberfl\u00e4chen bleiben v\u00f6llig unbesch\u00e4digt. (Bei sachgem\u00e4\u00dfer Handhabung!)<\/li><li>Die Reinigung erfolgt ohne chemische L\u00f6sungsmittel und ist daher sehr umweltfreundlich. Es verbleiben weder L\u00f6sungsmittelr\u00fcckst\u00e4nde noch Strahlgut auf den Werkst\u00fccken bzw. in Ecken und Falzen von Maschinen.<\/li><li>Das Strahlgut ist ungiftig und lebensmittelecht.<\/li><li>Zu reinigende Maschinen m\u00fcssen in vielen F\u00e4llen nicht mehr demontiert werden, was eine Verk\u00fcrzung von Stillstandzeiten bedeutet.<\/li><li>Die Entsorgung von verunreinigtem Strahlgut entf\u00e4llt vollst\u00e4ndig, da sich Trockeneis ohne Zwischenstufe sofort in die Umgebungsluft verfl\u00fcchtigt. Die separierten Verunreinigungen k\u00f6nnen je nach Beschaffenheit umweltgerecht und kosteng\u00fcnstig entsorgt werden.<\/li><li>Der Prozess bewirkt h\u00f6chste Sauberkeit und wird beispielsweise zur Vorbehandlung zum Lackieren eingesetzt.<\/li><li>Das Verfahren ist hocheffektiv und somit sehr schnell und in vielen F\u00e4llen die kosteng\u00fcnstigere L\u00f6sung.<\/li><li>F\u00fchren Sie die Umweltvorteile gegen\u00fcber Ihrer Kunden auf und profitieren Sie vom werbetechnischen Nutzen.<\/li><\/ol>\n\n\n\n<p class=\"has-vivid-red-color has-text-color\"><strong>Gibt es Nachteile?<\/strong><\/p>\n\n\n\n<ol class=\"wp-block-list\" style=\"font-size:16px\"><li>Es ist sehr laut.<\/li><li>Es k\u00f6nnen nur Materialien bearbeitet werden, die relativ hart sind, ausgenommen Textilien, ( kein Leder ). Weiche Materialien wie Holz, Gips oder \u00e4hnliches kann nicht oder nur nach einem vorsichtigen Versuch bearbeitet werden.<\/li><li>Angegriffene oder schlecht haftende Beschichtungen (z.B. Lack) k\u00f6nnen sich abl\u00f6sen.<\/li><li>Rost kann nicht entfernt werden.<\/li><li>Aufkleber, D\u00e4mmplatten und weiche Materialien bei der Motorreinigung werden sich l\u00f6sen.<\/li><\/ol>\n","protected":false},"excerpt":{"rendered":"<p>Was ist Trockeneisstrahlen? Das Trockeneisstrahlen ist ein Verfahren zum Reinigen und Vorbehandeln von Oberfl\u00e4chen. Was passiert beim Trockeneisstrahlen? 1.) Der<\/p>\n","protected":false},"author":1,"featured_media":0,"parent":0,"menu_order":4,"comment_status":"closed","ping_status":"closed","template":"","meta":{"colormag_page_container_layout":"default_layout","colormag_page_sidebar_layout":"default_layout","footnotes":""},"class_list":["post-24","page","type-page","status-publish","hentry"],"_links":{"self":[{"href":"https:\/\/utk-nrw.de\/index.php?rest_route=\/wp\/v2\/pages\/24","targetHints":{"allow":["GET"]}}],"collection":[{"href":"https:\/\/utk-nrw.de\/index.php?rest_route=\/wp\/v2\/pages"}],"about":[{"href":"https:\/\/utk-nrw.de\/index.php?rest_route=\/wp\/v2\/types\/page"}],"author":[{"embeddable":true,"href":"https:\/\/utk-nrw.de\/index.php?rest_route=\/wp\/v2\/users\/1"}],"replies":[{"embeddable":true,"href":"https:\/\/utk-nrw.de\/index.php?rest_route=%2Fwp%2Fv2%2Fcomments&post=24"}],"version-history":[{"count":4,"href":"https:\/\/utk-nrw.de\/index.php?rest_route=\/wp\/v2\/pages\/24\/revisions"}],"predecessor-version":[{"id":96,"href":"https:\/\/utk-nrw.de\/index.php?rest_route=\/wp\/v2\/pages\/24\/revisions\/96"}],"wp:attachment":[{"href":"https:\/\/utk-nrw.de\/index.php?rest_route=%2Fwp%2Fv2%2Fmedia&parent=24"}],"curies":[{"name":"wp","href":"https:\/\/api.w.org\/{rel}","templated":true}]}}