{"id":41,"date":"2022-02-06T11:34:49","date_gmt":"2022-02-06T10:34:49","guid":{"rendered":"https:\/\/utk-nrw.de\/?page_id=41"},"modified":"2022-04-10T13:36:51","modified_gmt":"2022-04-10T11:36:51","slug":"entstaubungstechnik","status":"publish","type":"page","link":"https:\/\/utk-nrw.de\/?page_id=41","title":{"rendered":"Entstaubungstechnik"},"content":{"rendered":"\n<h3 class=\"has-vivid-red-color has-text-color has-medium-font-size wp-block-heading\" id=\"service-wartung-und-instandhaltung\">Service \/ Wartung und Instandhaltung<\/h3>\n\n\n\n<ul class=\"wp-block-list\"><li>Die gesetzlich vorgeschriebene, mindestens einmal j\u00e4hrlich stattfindende \u00dcberpr\u00fcfung von Absaugeinrichtungen, welche nach DGUV 109-002 von einem Sachkundigen durchgef\u00fchrt werden muss, z\u00e4hlt zu unseren Hauptaufgaben. <\/li><li>Wir f\u00fchren die vorgeschriebene Pr\u00fcfung nach TRGS 528 durch. <\/li><li>Bei St\u00f6rungen oder Defekten sorgen wir f\u00fcr eine L\u00f6sung.<\/li><li>Leckage Pr\u00fcfung Ihrer Filterelemente auf Wunsch.<\/li><li>Sichtpr\u00fcfung und Funktionspr\u00fcfung Ihrer Entstaubungsanlage.<\/li><li>Filterwechsel und Entsorgung.<\/li><li>Erstellen eines Pr\u00fcfbuches mit Plakette.<\/li><\/ul>\n\n\n\n<p><\/p>\n\n\n\n<figure class=\"wp-block-gallery has-nested-images columns-default is-cropped wp-block-gallery-1 is-layout-flex wp-block-gallery-is-layout-flex\">\n<figure class=\"wp-block-image size-large\"><img loading=\"lazy\" decoding=\"async\" width=\"768\" height=\"1024\" data-id=\"234\" src=\"https:\/\/utk-nrw.de\/wp-content\/uploads\/2022\/04\/UTK-Patronenfilter-1-768x1024.jpg\" alt=\"\" class=\"wp-image-234\" srcset=\"https:\/\/utk-nrw.de\/wp-content\/uploads\/2022\/04\/UTK-Patronenfilter-1-768x1024.jpg 768w, https:\/\/utk-nrw.de\/wp-content\/uploads\/2022\/04\/UTK-Patronenfilter-1-225x300.jpg 225w, https:\/\/utk-nrw.de\/wp-content\/uploads\/2022\/04\/UTK-Patronenfilter-1-1152x1536.jpg 1152w, https:\/\/utk-nrw.de\/wp-content\/uploads\/2022\/04\/UTK-Patronenfilter-1-1536x2048.jpg 1536w, https:\/\/utk-nrw.de\/wp-content\/uploads\/2022\/04\/UTK-Patronenfilter-1-scaled.jpg 1920w\" sizes=\"auto, (max-width: 768px) 100vw, 768px\" \/><\/figure>\n\n\n\n<figure class=\"wp-block-image size-large\"><img loading=\"lazy\" decoding=\"async\" width=\"768\" height=\"1024\" data-id=\"236\" src=\"https:\/\/utk-nrw.de\/wp-content\/uploads\/2022\/04\/UTK-Leckagepruefung-1-768x1024.jpg\" alt=\"\" class=\"wp-image-236\" srcset=\"https:\/\/utk-nrw.de\/wp-content\/uploads\/2022\/04\/UTK-Leckagepruefung-1-768x1024.jpg 768w, https:\/\/utk-nrw.de\/wp-content\/uploads\/2022\/04\/UTK-Leckagepruefung-1-225x300.jpg 225w, https:\/\/utk-nrw.de\/wp-content\/uploads\/2022\/04\/UTK-Leckagepruefung-1-1152x1536.jpg 1152w, https:\/\/utk-nrw.de\/wp-content\/uploads\/2022\/04\/UTK-Leckagepruefung-1-1536x2048.jpg 1536w, https:\/\/utk-nrw.de\/wp-content\/uploads\/2022\/04\/UTK-Leckagepruefung-1-scaled.jpg 1920w\" sizes=\"auto, (max-width: 768px) 100vw, 768px\" \/><\/figure>\n<\/figure>\n\n\n\n<figure class=\"wp-block-gallery has-nested-images columns-default is-cropped wp-block-gallery-2 is-layout-flex wp-block-gallery-is-layout-flex\">\n<figure class=\"wp-block-image size-large\"><img loading=\"lazy\" decoding=\"async\" width=\"1024\" height=\"768\" data-id=\"237\" src=\"https:\/\/utk-nrw.de\/wp-content\/uploads\/2022\/04\/UTK-Leckagepruefung-2-1024x768.jpg\" alt=\"\" class=\"wp-image-237\" srcset=\"https:\/\/utk-nrw.de\/wp-content\/uploads\/2022\/04\/UTK-Leckagepruefung-2-1024x768.jpg 1024w, https:\/\/utk-nrw.de\/wp-content\/uploads\/2022\/04\/UTK-Leckagepruefung-2-300x225.jpg 300w, https:\/\/utk-nrw.de\/wp-content\/uploads\/2022\/04\/UTK-Leckagepruefung-2-768x576.jpg 768w, https:\/\/utk-nrw.de\/wp-content\/uploads\/2022\/04\/UTK-Leckagepruefung-2-1536x1152.jpg 1536w, https:\/\/utk-nrw.de\/wp-content\/uploads\/2022\/04\/UTK-Leckagepruefung-2-2048x1536.jpg 2048w\" sizes=\"auto, (max-width: 1024px) 100vw, 1024px\" \/><\/figure>\n\n\n\n<figure class=\"wp-block-image size-large\"><img loading=\"lazy\" decoding=\"async\" width=\"1024\" height=\"576\" data-id=\"238\" src=\"https:\/\/utk-nrw.de\/wp-content\/uploads\/2022\/04\/UTK-Leckagepruefung-Schlauchfilter1-1024x576.jpg\" alt=\"\" class=\"wp-image-238\" srcset=\"https:\/\/utk-nrw.de\/wp-content\/uploads\/2022\/04\/UTK-Leckagepruefung-Schlauchfilter1-1024x576.jpg 1024w, https:\/\/utk-nrw.de\/wp-content\/uploads\/2022\/04\/UTK-Leckagepruefung-Schlauchfilter1-300x169.jpg 300w, https:\/\/utk-nrw.de\/wp-content\/uploads\/2022\/04\/UTK-Leckagepruefung-Schlauchfilter1-768x432.jpg 768w, https:\/\/utk-nrw.de\/wp-content\/uploads\/2022\/04\/UTK-Leckagepruefung-Schlauchfilter1-1536x864.jpg 1536w, https:\/\/utk-nrw.de\/wp-content\/uploads\/2022\/04\/UTK-Leckagepruefung-Schlauchfilter1-2048x1151.jpg 2048w\" sizes=\"auto, (max-width: 1024px) 100vw, 1024px\" \/><\/figure>\n<\/figure>\n","protected":false},"excerpt":{"rendered":"<p>Service \/ Wartung und Instandhaltung Die gesetzlich vorgeschriebene, mindestens einmal j\u00e4hrlich stattfindende \u00dcberpr\u00fcfung von Absaugeinrichtungen, welche nach DGUV 109-002 von<\/p>\n","protected":false},"author":1,"featured_media":0,"parent":0,"menu_order":6,"comment_status":"closed","ping_status":"closed","template":"","meta":{"colormag_page_container_layout":"default_layout","colormag_page_sidebar_layout":"default_layout","footnotes":""},"class_list":["post-41","page","type-page","status-publish","hentry"],"_links":{"self":[{"href":"https:\/\/utk-nrw.de\/index.php?rest_route=\/wp\/v2\/pages\/41","targetHints":{"allow":["GET"]}}],"collection":[{"href":"https:\/\/utk-nrw.de\/index.php?rest_route=\/wp\/v2\/pages"}],"about":[{"href":"https:\/\/utk-nrw.de\/index.php?rest_route=\/wp\/v2\/types\/page"}],"author":[{"embeddable":true,"href":"https:\/\/utk-nrw.de\/index.php?rest_route=\/wp\/v2\/users\/1"}],"replies":[{"embeddable":true,"href":"https:\/\/utk-nrw.de\/index.php?rest_route=%2Fwp%2Fv2%2Fcomments&post=41"}],"version-history":[{"count":5,"href":"https:\/\/utk-nrw.de\/index.php?rest_route=\/wp\/v2\/pages\/41\/revisions"}],"predecessor-version":[{"id":239,"href":"https:\/\/utk-nrw.de\/index.php?rest_route=\/wp\/v2\/pages\/41\/revisions\/239"}],"wp:attachment":[{"href":"https:\/\/utk-nrw.de\/index.php?rest_route=%2Fwp%2Fv2%2Fmedia&parent=41"}],"curies":[{"name":"wp","href":"https:\/\/api.w.org\/{rel}","templated":true}]}}